{"id":140,"date":"2023-11-08T20:07:52","date_gmt":"2023-11-08T20:07:52","guid":{"rendered":"https:\/\/smaakvanbrazilie.nl\/?post_type=product&#038;p=140"},"modified":"2023-12-10T15:11:58","modified_gmt":"2023-12-10T15:11:58","slug":"bobo-de-camarao","status":"publish","type":"product","link":"https:\/\/smaakvanbrazilie.nl\/index.php\/product\/bobo-de-camarao\/","title":{"rendered":"Bob\u00f3 de camar\u00e3o"},"content":{"rendered":"<p>Bob\u00f3 de camar\u00e3o is een traditioneel Braziliaans gerecht, afkomstig uit de regio Bahia. Het gerecht bestaat uit garnalen (camar\u00e3o) bereid in een romige saus gemaakt van cassavewortel (maniok), kokosmelk, tomaat, uien en kruiden zoals koriander en andere specerijen. Het resultaat is een heerlijk romig gerecht met een mix van zeevruchten en smaakvolle ingredi\u00ebnten, geserveerd met rijst of farofa.<\/p>\n","protected":false},"excerpt":{"rendered":"<p>Bob\u00f3 de camar\u00e3o is een traditioneel Braziliaans gerecht, afkomstig uit de regio Bahia. Het gerecht bestaat uit garnalen (camar\u00e3o) bereid in een romige saus gemaakt van cassavewortel (maniok), kokosmelk, tomaat, uien en kruiden zoals koriander en andere specerijen. Het resultaat is een heerlijk romig gerecht met een mix van zeevruchten en smaakvolle ingredi\u00ebnten, geserveerd met [&hellip;]<\/p>\n","protected":false},"featured_media":0,"comment_status":"closed","ping_status":"closed","template":"","meta":[],"product_cat":[23],"product_tag":[27,35],"yoast_head":"<!-- This site is optimized with the Yoast SEO plugin v21.8 - https:\/\/yoast.com\/wordpress\/plugins\/seo\/ -->\n<title>Bob\u00f3 de camar\u00e3o - smaakvanbrazilie.nl<\/title>\n<meta name=\"robots\" content=\"index, follow, max-snippet:-1, max-image-preview:large, max-video-preview:-1\" \/>\n<link rel=\"canonical\" href=\"https:\/\/smaakvanbrazilie.nl\/index.php\/product\/bobo-de-camarao\/\" \/>\n<meta property=\"og:locale\" content=\"nl_NL\" \/>\n<meta property=\"og:type\" content=\"article\" \/>\n<meta property=\"og:title\" content=\"Bob\u00f3 de camar\u00e3o - smaakvanbrazilie.nl\" \/>\n<meta property=\"og:description\" content=\"Bob\u00f3 de camar\u00e3o is een traditioneel Braziliaans gerecht, afkomstig uit de regio Bahia. Het gerecht bestaat uit garnalen (camar\u00e3o) bereid in een romige saus gemaakt van cassavewortel (maniok), kokosmelk, tomaat, uien en kruiden zoals koriander en andere specerijen. Het resultaat is een heerlijk romig gerecht met een mix van zeevruchten en smaakvolle ingredi\u00ebnten, geserveerd met [&hellip;]\" \/>\n<meta property=\"og:url\" content=\"https:\/\/smaakvanbrazilie.nl\/index.php\/product\/bobo-de-camarao\/\" \/>\n<meta property=\"og:site_name\" content=\"smaakvanbrazilie.nl\" \/>\n<meta property=\"article:modified_time\" content=\"2023-12-10T15:11:58+00:00\" \/>\n<meta name=\"twitter:card\" content=\"summary_large_image\" \/>\n<script type=\"application\/ld+json\" class=\"yoast-schema-graph\">{\"@context\":\"https:\/\/schema.org\",\"@graph\":[{\"@type\":\"WebPage\",\"@id\":\"https:\/\/smaakvanbrazilie.nl\/index.php\/product\/bobo-de-camarao\/\",\"url\":\"https:\/\/smaakvanbrazilie.nl\/index.php\/product\/bobo-de-camarao\/\",\"name\":\"Bob\u00f3 de camar\u00e3o - smaakvanbrazilie.nl\",\"isPartOf\":{\"@id\":\"https:\/\/smaakvanbrazilie.nl\/#website\"},\"datePublished\":\"2023-11-08T20:07:52+00:00\",\"dateModified\":\"2023-12-10T15:11:58+00:00\",\"breadcrumb\":{\"@id\":\"https:\/\/smaakvanbrazilie.nl\/index.php\/product\/bobo-de-camarao\/#breadcrumb\"},\"inLanguage\":\"nl\",\"potentialAction\":[{\"@type\":\"ReadAction\",\"target\":[\"https:\/\/smaakvanbrazilie.nl\/index.php\/product\/bobo-de-camarao\/\"]}]},{\"@type\":\"BreadcrumbList\",\"@id\":\"https:\/\/smaakvanbrazilie.nl\/index.php\/product\/bobo-de-camarao\/#breadcrumb\",\"itemListElement\":[{\"@type\":\"ListItem\",\"position\":1,\"name\":\"Home\",\"item\":\"https:\/\/smaakvanbrazilie.nl\/\"},{\"@type\":\"ListItem\",\"position\":2,\"name\":\"Shop\",\"item\":\"https:\/\/smaakvanbrazilie.nl\/index.php\/shop\/\"},{\"@type\":\"ListItem\",\"position\":3,\"name\":\"Bob\u00f3 de camar\u00e3o\"}]},{\"@type\":\"WebSite\",\"@id\":\"https:\/\/smaakvanbrazilie.nl\/#website\",\"url\":\"https:\/\/smaakvanbrazilie.nl\/\",\"name\":\"smaakvanbrazilie.nl\",\"description\":\"\",\"publisher\":{\"@id\":\"https:\/\/smaakvanbrazilie.nl\/#\/schema\/person\/4e99c84b1dc4cfde23ae1678ccf1432f\"},\"potentialAction\":[{\"@type\":\"SearchAction\",\"target\":{\"@type\":\"EntryPoint\",\"urlTemplate\":\"https:\/\/smaakvanbrazilie.nl\/?s={search_term_string}\"},\"query-input\":\"required name=search_term_string\"}],\"inLanguage\":\"nl\"},{\"@type\":[\"Person\",\"Organization\"],\"@id\":\"https:\/\/smaakvanbrazilie.nl\/#\/schema\/person\/4e99c84b1dc4cfde23ae1678ccf1432f\",\"name\":\"smaakvanbrazilie.nl\",\"image\":{\"@type\":\"ImageObject\",\"inLanguage\":\"nl\",\"@id\":\"https:\/\/smaakvanbrazilie.nl\/#\/schema\/person\/image\/\",\"url\":\"https:\/\/smaakvanbrazilie.nl\/wp-content\/uploads\/2023\/10\/Maintanaine.png\",\"contentUrl\":\"https:\/\/smaakvanbrazilie.nl\/wp-content\/uploads\/2023\/10\/Maintanaine.png\",\"width\":1024,\"height\":1024,\"caption\":\"smaakvanbrazilie.nl\"},\"logo\":{\"@id\":\"https:\/\/smaakvanbrazilie.nl\/#\/schema\/person\/image\/\"},\"sameAs\":[\"http:\/\/smaakvanbrazilie.nl\",\"https:\/\/www.instagram.com\/smaakvanbrazilie\/\"]}]}<\/script>\n<!-- \/ Yoast SEO plugin. -->","yoast_head_json":{"title":"Bob\u00f3 de camar\u00e3o - smaakvanbrazilie.nl","robots":{"index":"index","follow":"follow","max-snippet":"max-snippet:-1","max-image-preview":"max-image-preview:large","max-video-preview":"max-video-preview:-1"},"canonical":"https:\/\/smaakvanbrazilie.nl\/index.php\/product\/bobo-de-camarao\/","og_locale":"nl_NL","og_type":"article","og_title":"Bob\u00f3 de camar\u00e3o - smaakvanbrazilie.nl","og_description":"Bob\u00f3 de camar\u00e3o is een traditioneel Braziliaans gerecht, afkomstig uit de regio Bahia. Het gerecht bestaat uit garnalen (camar\u00e3o) bereid in een romige saus gemaakt van cassavewortel (maniok), kokosmelk, tomaat, uien en kruiden zoals koriander en andere specerijen. Het resultaat is een heerlijk romig gerecht met een mix van zeevruchten en smaakvolle ingredi\u00ebnten, geserveerd met [&hellip;]","og_url":"https:\/\/smaakvanbrazilie.nl\/index.php\/product\/bobo-de-camarao\/","og_site_name":"smaakvanbrazilie.nl","article_modified_time":"2023-12-10T15:11:58+00:00","twitter_card":"summary_large_image","schema":{"@context":"https:\/\/schema.org","@graph":[{"@type":"WebPage","@id":"https:\/\/smaakvanbrazilie.nl\/index.php\/product\/bobo-de-camarao\/","url":"https:\/\/smaakvanbrazilie.nl\/index.php\/product\/bobo-de-camarao\/","name":"Bob\u00f3 de camar\u00e3o - smaakvanbrazilie.nl","isPartOf":{"@id":"https:\/\/smaakvanbrazilie.nl\/#website"},"datePublished":"2023-11-08T20:07:52+00:00","dateModified":"2023-12-10T15:11:58+00:00","breadcrumb":{"@id":"https:\/\/smaakvanbrazilie.nl\/index.php\/product\/bobo-de-camarao\/#breadcrumb"},"inLanguage":"nl","potentialAction":[{"@type":"ReadAction","target":["https:\/\/smaakvanbrazilie.nl\/index.php\/product\/bobo-de-camarao\/"]}]},{"@type":"BreadcrumbList","@id":"https:\/\/smaakvanbrazilie.nl\/index.php\/product\/bobo-de-camarao\/#breadcrumb","itemListElement":[{"@type":"ListItem","position":1,"name":"Home","item":"https:\/\/smaakvanbrazilie.nl\/"},{"@type":"ListItem","position":2,"name":"Shop","item":"https:\/\/smaakvanbrazilie.nl\/index.php\/shop\/"},{"@type":"ListItem","position":3,"name":"Bob\u00f3 de camar\u00e3o"}]},{"@type":"WebSite","@id":"https:\/\/smaakvanbrazilie.nl\/#website","url":"https:\/\/smaakvanbrazilie.nl\/","name":"smaakvanbrazilie.nl","description":"","publisher":{"@id":"https:\/\/smaakvanbrazilie.nl\/#\/schema\/person\/4e99c84b1dc4cfde23ae1678ccf1432f"},"potentialAction":[{"@type":"SearchAction","target":{"@type":"EntryPoint","urlTemplate":"https:\/\/smaakvanbrazilie.nl\/?s={search_term_string}"},"query-input":"required name=search_term_string"}],"inLanguage":"nl"},{"@type":["Person","Organization"],"@id":"https:\/\/smaakvanbrazilie.nl\/#\/schema\/person\/4e99c84b1dc4cfde23ae1678ccf1432f","name":"smaakvanbrazilie.nl","image":{"@type":"ImageObject","inLanguage":"nl","@id":"https:\/\/smaakvanbrazilie.nl\/#\/schema\/person\/image\/","url":"https:\/\/smaakvanbrazilie.nl\/wp-content\/uploads\/2023\/10\/Maintanaine.png","contentUrl":"https:\/\/smaakvanbrazilie.nl\/wp-content\/uploads\/2023\/10\/Maintanaine.png","width":1024,"height":1024,"caption":"smaakvanbrazilie.nl"},"logo":{"@id":"https:\/\/smaakvanbrazilie.nl\/#\/schema\/person\/image\/"},"sameAs":["http:\/\/smaakvanbrazilie.nl","https:\/\/www.instagram.com\/smaakvanbrazilie\/"]}]}},"_links":{"self":[{"href":"https:\/\/smaakvanbrazilie.nl\/index.php\/wp-json\/wp\/v2\/product\/140"}],"collection":[{"href":"https:\/\/smaakvanbrazilie.nl\/index.php\/wp-json\/wp\/v2\/product"}],"about":[{"href":"https:\/\/smaakvanbrazilie.nl\/index.php\/wp-json\/wp\/v2\/types\/product"}],"replies":[{"embeddable":true,"href":"https:\/\/smaakvanbrazilie.nl\/index.php\/wp-json\/wp\/v2\/comments?post=140"}],"wp:attachment":[{"href":"https:\/\/smaakvanbrazilie.nl\/index.php\/wp-json\/wp\/v2\/media?parent=140"}],"wp:term":[{"taxonomy":"product_cat","embeddable":true,"href":"https:\/\/smaakvanbrazilie.nl\/index.php\/wp-json\/wp\/v2\/product_cat?post=140"},{"taxonomy":"product_tag","embeddable":true,"href":"https:\/\/smaakvanbrazilie.nl\/index.php\/wp-json\/wp\/v2\/product_tag?post=140"}],"curies":[{"name":"wp","href":"https:\/\/api.w.org\/{rel}","templated":true}]}}